{"id":846,"date":"2018-10-12T11:35:59","date_gmt":"2018-10-12T08:35:59","guid":{"rendered":"http:\/\/www.alierenus.com\/alierenus\/?page_id=846"},"modified":"2025-11-26T17:15:03","modified_gmt":"2025-11-26T14:15:03","slug":"iletisim","status":"publish","type":"page","link":"https:\/\/www.alierenus.com\/alierenus\/iletisim","title":{"rendered":"\u0130LET\u0130\u015e\u0130M"},"content":{"rendered":"<div class=\"wpb-content-wrapper\"><p>[vc_row iron_row_type=&#8221;in_container&#8221; iron_remove_padding_medium=&#8221;&#8221; iron_remove_padding_small=&#8221;&#8221; iron_overlay_pattern=&#8221;&#8221; iron_parallax=&#8221;&#8221; iron_bg_video=&#8221;&#8221;][vc_column][vc_message message_box_color=&#8221;grey&#8221; icon_type=&#8221;entypo&#8221; css_animation=&#8221;fadeInDown&#8221; icon_entypo=&#8221;&#8221;]<\/p>\n<h3 style=\"text-align: center;\">\u0130LET\u0130\u015e\u0130M<\/h3>\n<p>[\/vc_message][\/vc_column][\/vc_row][vc_row iron_row_type=&#8221;in_container&#8221; iron_remove_padding_medium=&#8221;&#8221; iron_remove_padding_small=&#8221;&#8221; iron_overlay_pattern=&#8221;&#8221; iron_parallax=&#8221;&#8221; iron_bg_video=&#8221;&#8221;][vc_column][vc_column_text]Bana mesaj g\u00f6ndermek i\u00e7in, l\u00fctfen a\u015fa\u011f\u0131daki formu doldurup, g\u00f6nder d\u00fc\u011fmesine bas\u0131n\u0131z.[\/vc_column_text]\n<div class=\"wpcf7 no-js\" id=\"wpcf7-f918-o1\" lang=\"tr-TR\" dir=\"ltr\" data-wpcf7-id=\"918\">\n<div class=\"screen-reader-response\"><p role=\"status\" aria-live=\"polite\" aria-atomic=\"true\"><\/p> <ul><\/ul><\/div>\n<form action=\"\/alierenus\/wp-json\/wp\/v2\/pages\/846#wpcf7-f918-o1\" method=\"post\" class=\"wpcf7-form init\" aria-label=\"\u0130leti\u015fim Formu\" novalidate=\"novalidate\" data-status=\"init\">\n<fieldset class=\"hidden-fields-container\"><input type=\"hidden\" name=\"_wpcf7\" value=\"918\" \/><input type=\"hidden\" name=\"_wpcf7_version\" value=\"6.1.5\" \/><input type=\"hidden\" name=\"_wpcf7_locale\" value=\"tr_TR\" \/><input type=\"hidden\" name=\"_wpcf7_unit_tag\" value=\"wpcf7-f918-o1\" \/><input type=\"hidden\" name=\"_wpcf7_container_post\" value=\"0\" \/><input type=\"hidden\" name=\"_wpcf7_posted_data_hash\" value=\"\" \/><input type=\"hidden\" name=\"_wpcf7_recaptcha_response\" value=\"\" \/>\n<\/fieldset>\n<p><label> Ad\u0131n\u0131z (gerekli)<br \/>\n<span class=\"wpcf7-form-control-wrap\" data-name=\"your-name\"><input size=\"40\" maxlength=\"400\" class=\"wpcf7-form-control wpcf7-text wpcf7-validates-as-required\" aria-required=\"true\" aria-invalid=\"false\" value=\"\" type=\"text\" name=\"your-name\" \/><\/span> <\/label>\n<\/p>\n<p><label> E-posta Adresiniz (gerekli)<br \/>\n<span class=\"wpcf7-form-control-wrap\" data-name=\"your-email\"><input size=\"40\" maxlength=\"400\" class=\"wpcf7-form-control wpcf7-email wpcf7-validates-as-required wpcf7-text wpcf7-validates-as-email\" aria-required=\"true\" aria-invalid=\"false\" value=\"\" type=\"email\" name=\"your-email\" \/><\/span> <\/label>\n<\/p>\n<p><label> Konu<br \/>\n<span class=\"wpcf7-form-control-wrap\" data-name=\"your-subject\"><input size=\"40\" maxlength=\"400\" class=\"wpcf7-form-control wpcf7-text\" aria-invalid=\"false\" value=\"\" type=\"text\" name=\"your-subject\" \/><\/span> <\/label>\n<\/p>\n<p><label> \u0130letiniz<br \/>\n<span class=\"wpcf7-form-control-wrap\" data-name=\"your-message\"><textarea cols=\"40\" rows=\"10\" maxlength=\"2000\" class=\"wpcf7-form-control wpcf7-textarea\" aria-invalid=\"false\" name=\"your-message\"><\/textarea><\/span> <\/label>\n<\/p>\n<p><input class=\"wpcf7-form-control wpcf7-submit has-spinner\" type=\"submit\" value=\"G\u00f6nder\" \/>\n<\/p><p style=\"display: none !important;\" class=\"akismet-fields-container\" data-prefix=\"_wpcf7_ak_\"><label>&#916;<textarea name=\"_wpcf7_ak_hp_textarea\" cols=\"45\" rows=\"8\" maxlength=\"100\"><\/textarea><\/label><input type=\"hidden\" id=\"ak_js_1\" name=\"_wpcf7_ak_js\" value=\"88\"\/><script type=\"text\/javascript\">\n\/* <![CDATA[ *\/\ndocument.getElementById( \"ak_js_1\" ).setAttribute( \"value\", ( new Date() ).getTime() );\n\/* ]]> *\/\n<\/script>\n<\/p><div class=\"wpcf7-response-output\" aria-hidden=\"true\"><\/div>\n<\/form>\n<\/div>\n[\/vc_column][\/vc_row]<\/p>\n<\/div>","protected":false},"excerpt":{"rendered":"<p>[vc_row iron_row_type=&#8221;in_container&#8221; iron_remove_padding_medium=&#8221;&#8221; iron_remove_padding_small=&#8221;&#8221; iron_overlay_pattern=&#8221;&#8221; iron_parallax=&#8221;&#8221; iron_bg_video=&#8221;&#8221;][vc_column][vc_message message_box_color=&#8221;grey&#8221; icon_type=&#8221;entypo&#8221; css_animation=&#8221;fadeInDown&#8221; icon_entypo=&#8221;&#8221;] \u0130LET\u0130\u015e\u0130M [\/vc_message][\/vc_column][\/vc_row][vc_row iron_row_type=&#8221;in_container&#8221; iron_remove_padding_medium=&#8221;&#8221; iron_remove_padding_small=&#8221;&#8221; iron_overlay_pattern=&#8221;&#8221; iron_parallax=&#8221;&#8221; iron_bg_video=&#8221;&#8221;][vc_column][vc_column_text]Bana mesaj g\u00f6ndermek i\u00e7in, l\u00fctfen a\u015fa\u011f\u0131daki formu doldurup, g\u00f6nder d\u00fc\u011fmesine bas\u0131n\u0131z.[\/vc_column_text][\/vc_column][\/vc_row]<\/p>\n","protected":false},"author":1,"featured_media":0,"parent":0,"menu_order":0,"comment_status":"closed","ping_status":"closed","template":"","meta":{"_acf_changed":false,"footnotes":""},"class_list":["post-846","page","type-page","status-publish","hentry"],"acf":[],"yoast_head":"<!-- This site is optimized with the Yoast SEO plugin v27.5 - https:\/\/yoast.com\/product\/yoast-seo-wordpress\/ -->\n<title>\u0130LET\u0130\u015e\u0130M - Ali Erenus<\/title>\n<meta name=\"robots\" content=\"index, follow, max-snippet:-1, max-image-preview:large, max-video-preview:-1\" \/>\n<link rel=\"canonical\" href=\"https:\/\/www.alierenus.com\/alierenus\/iletisim\" \/>\n<meta property=\"og:locale\" content=\"en_US\" \/>\n<meta property=\"og:type\" content=\"article\" \/>\n<meta property=\"og:title\" content=\"\u0130LET\u0130\u015e\u0130M - Ali Erenus\" \/>\n<meta property=\"og:description\" content=\"[vc_row iron_row_type=&#8221;in_container&#8221; iron_remove_padding_medium=&#8221;&#8221; iron_remove_padding_small=&#8221;&#8221; iron_overlay_pattern=&#8221;&#8221; iron_parallax=&#8221;&#8221; iron_bg_video=&#8221;&#8221;][vc_column][vc_message message_box_color=&#8221;grey&#8221; icon_type=&#8221;entypo&#8221; css_animation=&#8221;fadeInDown&#8221; icon_entypo=&#8221;&#8221;] \u0130LET\u0130\u015e\u0130M [\/vc_message][\/vc_column][\/vc_row][vc_row iron_row_type=&#8221;in_container&#8221; iron_remove_padding_medium=&#8221;&#8221; iron_remove_padding_small=&#8221;&#8221; iron_overlay_pattern=&#8221;&#8221; iron_parallax=&#8221;&#8221; iron_bg_video=&#8221;&#8221;][vc_column][vc_column_text]Bana mesaj g\u00f6ndermek i\u00e7in, l\u00fctfen a\u015fa\u011f\u0131daki formu doldurup, g\u00f6nder d\u00fc\u011fmesine bas\u0131n\u0131z.[\/vc_column_text][\/vc_column][\/vc_row]\" \/>\n<meta property=\"og:url\" content=\"https:\/\/www.alierenus.com\/alierenus\/iletisim\" \/>\n<meta property=\"og:site_name\" content=\"Ali Erenus\" \/>\n<meta property=\"article:publisher\" content=\"https:\/\/tr-tr.facebook.com\/AliErenusFan\/\" \/>\n<meta property=\"article:modified_time\" content=\"2025-11-26T14:15:03+00:00\" \/>\n<meta property=\"og:image\" content=\"https:\/\/www.alierenus.com\/alierenus\/wp-content\/uploads\/2020\/12\/Ali_Erenus_876x617.png\" \/>\n\t<meta property=\"og:image:width\" content=\"876\" \/>\n\t<meta property=\"og:image:height\" content=\"617\" \/>\n\t<meta property=\"og:image:type\" content=\"image\/png\" \/>\n<meta name=\"twitter:card\" content=\"summary_large_image\" \/>\n<meta name=\"twitter:site\" content=\"@AliErenus\" \/>\n<meta name=\"twitter:label1\" content=\"Est. reading time\" \/>\n\t<meta name=\"twitter:data1\" content=\"1 minute\" \/>\n<script type=\"application\/ld+json\" class=\"yoast-schema-graph\">{\"@context\":\"https:\\\/\\\/schema.org\",\"@graph\":[{\"@type\":\"WebPage\",\"@id\":\"https:\\\/\\\/www.alierenus.com\\\/alierenus\\\/iletisim\",\"url\":\"https:\\\/\\\/www.alierenus.com\\\/alierenus\\\/iletisim\",\"name\":\"\u0130LET\u0130\u015e\u0130M - Ali Erenus\",\"isPartOf\":{\"@id\":\"https:\\\/\\\/www.alierenus.com\\\/alierenus\\\/#website\"},\"datePublished\":\"2018-10-12T08:35:59+00:00\",\"dateModified\":\"2025-11-26T14:15:03+00:00\",\"breadcrumb\":{\"@id\":\"https:\\\/\\\/www.alierenus.com\\\/alierenus\\\/iletisim#breadcrumb\"},\"inLanguage\":\"en-US\",\"potentialAction\":[{\"@type\":\"ReadAction\",\"target\":[\"https:\\\/\\\/www.alierenus.com\\\/alierenus\\\/iletisim\"]}]},{\"@type\":\"BreadcrumbList\",\"@id\":\"https:\\\/\\\/www.alierenus.com\\\/alierenus\\\/iletisim#breadcrumb\",\"itemListElement\":[{\"@type\":\"ListItem\",\"position\":1,\"name\":\"Home\",\"item\":\"https:\\\/\\\/www.alierenus.com\\\/alierenus\\\/\"},{\"@type\":\"ListItem\",\"position\":2,\"name\":\"\u0130LET\u0130\u015e\u0130M\"}]},{\"@type\":\"WebSite\",\"@id\":\"https:\\\/\\\/www.alierenus.com\\\/alierenus\\\/#website\",\"url\":\"https:\\\/\\\/www.alierenus.com\\\/alierenus\\\/\",\"name\":\"Ali Erenus\",\"description\":\"M\u00fczisyen\",\"potentialAction\":[{\"@type\":\"SearchAction\",\"target\":{\"@type\":\"EntryPoint\",\"urlTemplate\":\"https:\\\/\\\/www.alierenus.com\\\/alierenus\\\/?s={search_term_string}\"},\"query-input\":{\"@type\":\"PropertyValueSpecification\",\"valueRequired\":true,\"valueName\":\"search_term_string\"}}],\"inLanguage\":\"en-US\"}]}<\/script>\n<!-- \/ Yoast SEO plugin. -->","yoast_head_json":{"title":"\u0130LET\u0130\u015e\u0130M - Ali Erenus","robots":{"index":"index","follow":"follow","max-snippet":"max-snippet:-1","max-image-preview":"max-image-preview:large","max-video-preview":"max-video-preview:-1"},"canonical":"https:\/\/www.alierenus.com\/alierenus\/iletisim","og_locale":"en_US","og_type":"article","og_title":"\u0130LET\u0130\u015e\u0130M - Ali Erenus","og_description":"[vc_row iron_row_type=&#8221;in_container&#8221; iron_remove_padding_medium=&#8221;&#8221; iron_remove_padding_small=&#8221;&#8221; iron_overlay_pattern=&#8221;&#8221; iron_parallax=&#8221;&#8221; iron_bg_video=&#8221;&#8221;][vc_column][vc_message message_box_color=&#8221;grey&#8221; icon_type=&#8221;entypo&#8221; css_animation=&#8221;fadeInDown&#8221; icon_entypo=&#8221;&#8221;] \u0130LET\u0130\u015e\u0130M [\/vc_message][\/vc_column][\/vc_row][vc_row iron_row_type=&#8221;in_container&#8221; iron_remove_padding_medium=&#8221;&#8221; iron_remove_padding_small=&#8221;&#8221; iron_overlay_pattern=&#8221;&#8221; iron_parallax=&#8221;&#8221; iron_bg_video=&#8221;&#8221;][vc_column][vc_column_text]Bana mesaj g\u00f6ndermek i\u00e7in, l\u00fctfen a\u015fa\u011f\u0131daki formu doldurup, g\u00f6nder d\u00fc\u011fmesine bas\u0131n\u0131z.[\/vc_column_text][\/vc_column][\/vc_row]","og_url":"https:\/\/www.alierenus.com\/alierenus\/iletisim","og_site_name":"Ali Erenus","article_publisher":"https:\/\/tr-tr.facebook.com\/AliErenusFan\/","article_modified_time":"2025-11-26T14:15:03+00:00","og_image":[{"width":876,"height":617,"url":"https:\/\/www.alierenus.com\/alierenus\/wp-content\/uploads\/2020\/12\/Ali_Erenus_876x617.png","type":"image\/png"}],"twitter_card":"summary_large_image","twitter_site":"@AliErenus","twitter_misc":{"Est. reading time":"1 minute"},"schema":{"@context":"https:\/\/schema.org","@graph":[{"@type":"WebPage","@id":"https:\/\/www.alierenus.com\/alierenus\/iletisim","url":"https:\/\/www.alierenus.com\/alierenus\/iletisim","name":"\u0130LET\u0130\u015e\u0130M - Ali Erenus","isPartOf":{"@id":"https:\/\/www.alierenus.com\/alierenus\/#website"},"datePublished":"2018-10-12T08:35:59+00:00","dateModified":"2025-11-26T14:15:03+00:00","breadcrumb":{"@id":"https:\/\/www.alierenus.com\/alierenus\/iletisim#breadcrumb"},"inLanguage":"en-US","potentialAction":[{"@type":"ReadAction","target":["https:\/\/www.alierenus.com\/alierenus\/iletisim"]}]},{"@type":"BreadcrumbList","@id":"https:\/\/www.alierenus.com\/alierenus\/iletisim#breadcrumb","itemListElement":[{"@type":"ListItem","position":1,"name":"Home","item":"https:\/\/www.alierenus.com\/alierenus\/"},{"@type":"ListItem","position":2,"name":"\u0130LET\u0130\u015e\u0130M"}]},{"@type":"WebSite","@id":"https:\/\/www.alierenus.com\/alierenus\/#website","url":"https:\/\/www.alierenus.com\/alierenus\/","name":"Ali Erenus","description":"M\u00fczisyen","potentialAction":[{"@type":"SearchAction","target":{"@type":"EntryPoint","urlTemplate":"https:\/\/www.alierenus.com\/alierenus\/?s={search_term_string}"},"query-input":{"@type":"PropertyValueSpecification","valueRequired":true,"valueName":"search_term_string"}}],"inLanguage":"en-US"}]}},"_links":{"self":[{"href":"https:\/\/www.alierenus.com\/alierenus\/wp-json\/wp\/v2\/pages\/846","targetHints":{"allow":["GET"]}}],"collection":[{"href":"https:\/\/www.alierenus.com\/alierenus\/wp-json\/wp\/v2\/pages"}],"about":[{"href":"https:\/\/www.alierenus.com\/alierenus\/wp-json\/wp\/v2\/types\/page"}],"author":[{"embeddable":true,"href":"https:\/\/www.alierenus.com\/alierenus\/wp-json\/wp\/v2\/users\/1"}],"replies":[{"embeddable":true,"href":"https:\/\/www.alierenus.com\/alierenus\/wp-json\/wp\/v2\/comments?post=846"}],"version-history":[{"count":7,"href":"https:\/\/www.alierenus.com\/alierenus\/wp-json\/wp\/v2\/pages\/846\/revisions"}],"predecessor-version":[{"id":1214,"href":"https:\/\/www.alierenus.com\/alierenus\/wp-json\/wp\/v2\/pages\/846\/revisions\/1214"}],"wp:attachment":[{"href":"https:\/\/www.alierenus.com\/alierenus\/wp-json\/wp\/v2\/media?parent=846"}],"curies":[{"name":"wp","href":"https:\/\/api.w.org\/{rel}","templated":true}]}}